{"id":2743,"date":"2016-05-15T14:16:03","date_gmt":"2016-05-15T20:16:03","guid":{"rendered":"http:\/\/paytity.com\/\/?page_id=2743"},"modified":"2019-01-14T21:45:07","modified_gmt":"2019-01-15T03:45:07","slug":"mayoristas","status":"publish","type":"page","link":"https:\/\/paytity.com\/2\/mayoristas\/","title":{"rendered":"Mayoristas"},"content":{"rendered":"<p><strong>REGISTRESE COMO CLIENTE MAYORISTA PARA VER NUESTROS PRECIOS ESPECIALES PARA VENTAS POR MAYOR<\/strong><\/p>\n<ul>\n<li><strong>INICIO DE SESION Y COMPRA<\/strong>\n<div class=\"titulo clearfix\">\n<div class=\"texto\">Deber\u00e1 registrarse como nuevo usuario en nuestro sitio Web indicando que desea suscribirse como mayorista. Para hacerlo ingrese a INICIAR SESION y complete el formulario.<\/div>\n<div class=\"texto\">Nos comunicaremos con Ud. para verificar sus datos y a continuaci\u00f3n le enviaremos por mail su nombre de usuario y contrase\u00f1a para ingresar a comprar.<br \/>\nLuego, con ese usuario, podr\u00e1 ir cargando su carro de compras mediante los botones COMPRAR que se encuentran pr\u00f3ximos a cada art\u00edculo.&nbsp;Una vez que su pedido se encuentre completo, deber\u00e1 ir a FINALIZAR COMPRA&nbsp;&nbsp;para revisar el mismo y finalmente confirmar y enviar el&nbsp;pedido.<\/div>\n<\/div>\n<\/li>\n<li><strong>PAGOS<\/strong><br \/>\nRecibiremos su pedido y nos estaremos comunicando a la brevedad con usted, a fin de ultimar los detalles del mismo.<\/li>\n<li><strong>ENVIOS<\/strong><br \/>\nRecibiremos su pedido y nos estaremos comunicando a la brevedad con usted, a fin de ultimar los detalles del mismo.<\/li>\n<\/ul>\n<hr>\n","protected":false},"excerpt":{"rendered":"<p>REGISTRESE COMO CLIENTE MAYORISTA PARA VER NUESTROS PRECIOS ESPECIALES PARA VENTAS POR MAYOR INICIO DE SESION Y COMPRA Deber\u00e1 registrarse como nuevo usuario en nuestro sitio Web indicando que desea suscribirse como mayorista. Para hacerlo ingrese a INICIAR SESION y complete el formulario. Nos comunicaremos con Ud. para verificar sus datos y a continuaci\u00f3n le [&hellip;]<\/p>\n","protected":false},"author":1,"featured_media":0,"parent":0,"menu_order":0,"comment_status":"closed","ping_status":"closed","template":"","meta":{"_joinchat":[],"footnotes":""},"class_list":["post-2743","page","type-page","status-publish","hentry"],"aioseo_notices":[],"_links":{"self":[{"href":"https:\/\/paytity.com\/2\/wp-json\/wp\/v2\/pages\/2743","targetHints":{"allow":["GET"]}}],"collection":[{"href":"https:\/\/paytity.com\/2\/wp-json\/wp\/v2\/pages"}],"about":[{"href":"https:\/\/paytity.com\/2\/wp-json\/wp\/v2\/types\/page"}],"author":[{"embeddable":true,"href":"https:\/\/paytity.com\/2\/wp-json\/wp\/v2\/users\/1"}],"replies":[{"embeddable":true,"href":"https:\/\/paytity.com\/2\/wp-json\/wp\/v2\/comments?post=2743"}],"version-history":[{"count":10,"href":"https:\/\/paytity.com\/2\/wp-json\/wp\/v2\/pages\/2743\/revisions"}],"predecessor-version":[{"id":3489,"href":"https:\/\/paytity.com\/2\/wp-json\/wp\/v2\/pages\/2743\/revisions\/3489"}],"wp:attachment":[{"href":"https:\/\/paytity.com\/2\/wp-json\/wp\/v2\/media?parent=2743"}],"curies":[{"name":"wp","href":"https:\/\/api.w.org\/{rel}","templated":true}]}}