{"id":3495,"date":"2019-01-18T19:40:03","date_gmt":"2019-01-19T01:40:03","guid":{"rendered":"http:\/\/paytity.com\/?page_id=3495"},"modified":"2019-01-20T20:39:10","modified_gmt":"2019-01-21T02:39:10","slug":"fabrica-batas","status":"publish","type":"page","link":"https:\/\/paytity.com\/2\/fabrica-batas\/","title":{"rendered":"F\u00e1brica de Batas"},"content":{"rendered":"<p>[row style=&#8221;collapse&#8221;]<\/p>\n<p>[col span=&#8221;6&#8243; padding=&#8221;36px 17px 200px 30px&#8221; margin=&#8221;0px 0px 0px 0px&#8221; align=&#8221;center&#8221; bg_color=&#8221;rgb(98, 127, 154)&#8221; color=&#8221;light&#8221;]<\/p>\n<p>[gap]<\/p>\n<p>[gap]<\/p>\n<h3 class=\"alt-font\" style=\"text-align: center;\"><span style=\"font-size: 130%;\">Once \u2013 Avenida Avellaneda<\/span><\/h3>\n<h3 class=\"uppercase\" style=\"text-align: center;\"><span style=\"font-size: 180%;\"><strong>F\u00c1BRICA DE BATAS<\/strong><\/span><\/h3>\n<h3>&nbsp;<\/h3>\n<h3 class=\"thin-font\" style=\"text-align: center;\">Envolvete en una de nuestra batas y disfrut\u00e1 la verdadera sensaci\u00f3n de relax. Con una de nuestras batas pod\u00e9s sentirte en un spa a diario, pero en tu propio hogar. Con la batas Paytiti, convert\u00ed una ma\u00f1ana cualquiera en extraordinaria.<\/h3>\n<p>[gap]<\/p>\n<p>[gap]<\/p>\n<p>[button text=&#8221;MIRA NUESTRAS BATAS&#8221; color=&#8221;white&#8221; radius=&#8221;99&#8243; link=&#8221;https:\/\/paytity.com\/2\/categoria-producto\/hombre\/batas-hombre\/&#8221;]<\/p>\n<p>[\/col]<br \/>\n[col span=&#8221;6&#8243; padding=&#8221;35px 32px 0px 31px&#8221; margin=&#8221;0px 0px 0px 0px&#8221;]<\/p>\n<p>[ux_image id=&#8221;3185&#8243;]<\/p>\n<p>[\/col]<\/p>\n<p>[\/row]<br \/>\n[gap height=&#8221;53px&#8221;]<\/p>\n<p>[row style=&#8221;collapse&#8221; v_align=&#8221;middle&#8221;]<\/p>\n<p>[col span=&#8221;4&#8243; span__sm=&#8221;12&#8243; divider=&#8221;true&#8221; align=&#8221;center&#8221;]<\/p>\n<h3 style=\"text-align: center;\"><a href=\"https:\/\/paytity.com\/2\/categoria-producto\/mujer\/batas\/\">BATAS DE MUJER<\/a><\/h3>\n<p style=\"text-align: center;\">Tenemos Batas de polar antipiling para damas y de toalla 100 % algod\u00f3n.<\/p>\n<p>[\/col]<br \/>\n[col span=&#8221;4&#8243; span__sm=&#8221;12&#8243; divider=&#8221;true&#8221; align=&#8221;center&#8221;]<\/p>\n<p>[gap height=&#8221;20px&#8221;]<\/p>\n<h3 style=\"text-align: center;\"><a href=\"https:\/\/paytity.com\/2\/categoria-producto\/hombre\/batas-hombre\/\">BATAS DE HOMBRE<\/a><\/h3>\n<p style=\"text-align: center;\">Nuestras batas de hombre se caracterizan por su calidez, confort y suavidad. ya sean 100% algod\u00f3n, de &nbsp;polar, de seda o de raso.<\/p>\n<p>[\/col]<br \/>\n[col span=&#8221;4&#8243; span__sm=&#8221;12&#8243; align=&#8221;center&#8221;]<\/p>\n<p>[gap height=&#8221;20px&#8221;]<\/p>\n<h3 style=\"text-align: center;\"><a href=\"https:\/\/paytity.com\/2\/categoria-producto\/ninos\/batas-ninos\/\">BATAS DE NI\u00d1OS<\/a><\/h3>\n<p style=\"text-align: center;\">Para ni\u00f1os tenemos batas de toalla 100% algod\u00f3n, perfectas para que el momento del ba\u00f1o sea placentero!<\/p>\n<p>[\/col]<\/p>\n<p>[\/row]<br \/>\n[gap height=&#8221;53px&#8221;]<\/p>\n<p>[row style=&#8221;collapse&#8221; col_bg=&#8221;#d26e4b&#8221;]<\/p>\n<p>[col span=&#8221;6&#8243; padding=&#8221;7px 17px 59px 30px&#8221; margin=&#8221;0px 0px 0px 0px&#8221; align=&#8221;center&#8221; bg_color=&#8221;#d26e4b&#8221; color=&#8221;light&#8221;]<\/p>\n<h3 class=\"alt-font\" style=\"text-align: center;\">&nbsp;<\/h3>\n<h2 class=\"uppercase\" style=\"text-align: center;\">F\u00c1BRICA DE BATAS EN ONCE Y AVENIDA AVELLANEDA<\/h2>\n<h3 class=\"thin-font\" style=\"text-align: center;\">No te olvides, pod\u00e9s comprar nuestras batas en forma mayorista o minorista, siempre con los mejores precios y calidad garantizada. Visitanos en Once o en Avenida Avellaneda.<\/h3>\n<p>[\/col]<br \/>\n[col span=&#8221;6&#8243; padding=&#8221;133px 23px 133px 30px&#8221; margin=&#8221;0px 0px 0px 0px&#8221; align=&#8221;center&#8221; bg_color=&#8221;#d26e4b&#8221; color=&#8221;light&#8221;]<\/p>\n<p>[button text=&#8221;CONTACTANOS&#8221; color=&#8221;white&#8221; radius=&#8221;99&#8243; link=&#8221;https:\/\/paytity.com\/2\/contacto\/&#8221;]<\/p>\n<p>[\/col]<\/p>\n<p>[\/row]<br \/>\n[page_header height=&#8221;8px&#8221; margin=&#8221;0px&#8221; style=&#8221;divided&#8221; type=&#8221;share&#8221; text_color=&#8221;dark&#8221; align=&#8221;center&#8221; title=&#8221;Paytity &#8211; precios directo de f\u00e1brica para todo el pais&#8221; title_size=&#8221;small&#8221; title_case=&#8221;uppercase&#8221; nav_style=&#8221;divided&#8221; nav_size=&#8221;smaller&#8221; bg_size=&#8221;orginal&#8221;]<\/p>\n","protected":false},"excerpt":{"rendered":"<p>[row style=&#8221;collapse&#8221;] [col span=&#8221;6&#8243; padding=&#8221;36px 17px 200px 30px&#8221; margin=&#8221;0px 0px 0px 0px&#8221; align=&#8221;center&#8221; bg_color=&#8221;rgb(98, 127, 154)&#8221; color=&#8221;light&#8221;] [gap] [gap] Once \u2013 Avenida Avellaneda F\u00c1BRICA DE BATAS &nbsp; Envolvete en una de nuestra batas y disfrut\u00e1 la verdadera sensaci\u00f3n de relax. Con una de nuestras batas pod\u00e9s sentirte en un spa a diario, pero en tu [&hellip;]<\/p>\n","protected":false},"author":1,"featured_media":0,"parent":0,"menu_order":0,"comment_status":"closed","ping_status":"closed","template":"page-blank.php","meta":{"_joinchat":[],"footnotes":""},"class_list":["post-3495","page","type-page","status-publish","hentry"],"aioseo_notices":[],"_links":{"self":[{"href":"https:\/\/paytity.com\/2\/wp-json\/wp\/v2\/pages\/3495","targetHints":{"allow":["GET"]}}],"collection":[{"href":"https:\/\/paytity.com\/2\/wp-json\/wp\/v2\/pages"}],"about":[{"href":"https:\/\/paytity.com\/2\/wp-json\/wp\/v2\/types\/page"}],"author":[{"embeddable":true,"href":"https:\/\/paytity.com\/2\/wp-json\/wp\/v2\/users\/1"}],"replies":[{"embeddable":true,"href":"https:\/\/paytity.com\/2\/wp-json\/wp\/v2\/comments?post=3495"}],"version-history":[{"count":47,"href":"https:\/\/paytity.com\/2\/wp-json\/wp\/v2\/pages\/3495\/revisions"}],"predecessor-version":[{"id":3577,"href":"https:\/\/paytity.com\/2\/wp-json\/wp\/v2\/pages\/3495\/revisions\/3577"}],"wp:attachment":[{"href":"https:\/\/paytity.com\/2\/wp-json\/wp\/v2\/media?parent=3495"}],"curies":[{"name":"wp","href":"https:\/\/api.w.org\/{rel}","templated":true}]}}