{"id":522,"date":"2013-08-11T19:06:15","date_gmt":"2013-08-12T01:06:15","guid":{"rendered":"http:\/\/localhost:8888\/test\/?page_id=520"},"modified":"2016-08-11T19:25:55","modified_gmt":"2016-08-12T01:25:55","slug":"empresa","status":"publish","type":"page","link":"https:\/\/paytity.com\/2\/empresa\/","title":{"rendered":"Qui\u00e9nes Somos"},"content":{"rendered":"<p>Somos una empresa familiar con 40 a\u00f1os de experiencia en el rubro. Nos especializamos en el p\u00fablico masculino, ofreciendo a trav\u00e9s de nuestras prendas confort y elegancia. Fabricamos pijamas, camisetas, boxers, slips, entre otros art\u00edculos. Tambi\u00e9n contamos con una l\u00ednea de pijamas de dama, y con pijamas y camisetas de ni\u00f1os.<\/p>\n<p>Nuestra colecci\u00f3n principal est\u00e1 basada en el hombre actual, que es joven y no tanto, pero que elige la comodidad sin resignar elegancia.<br \/>\nLa utilizaci\u00f3n de las mejores telas de algod\u00f3n \u00a0nos permite asegurar la calidad que nos ha caracterizado en estas d\u00e9cadas.<br \/>\nNuestras prendas poseen diversidad de colores, texturas, estampados con diferentes motivos, rayados y lisos.\u00a0 Pero sin duda los productos m\u00e1s pedidos por su versatilidad, son los cl\u00e1sicos por excelencia.<br \/>\nLa mejora de nuestros productos se basa constantemente en el pedido y el consejo de nuestros clientes, quienes nos eligen por la calidad y\u00a0 buen gusto de nuestros dise\u00f1os.<br \/>\nAl ser fabricantes directos contamos tambi\u00e9n con muy buena relaci\u00f3n precio\/ calidad.<br \/>\nEstamos en constante incorporaci\u00f3n de nuevas tecnolog\u00edas, contamos con maquinarias de \u00faltima generaci\u00f3n para la confecci\u00f3n de nuestras prendas.<\/p>\n<hr \/>\n","protected":false},"excerpt":{"rendered":"<p>Somos una empresa familiar con 40 a\u00f1os de experiencia en el rubro. Nos especializamos en el p\u00fablico masculino, ofreciendo a trav\u00e9s de nuestras prendas confort y elegancia. Fabricamos pijamas, camisetas, boxers, slips, entre otros art\u00edculos. Tambi\u00e9n contamos con una l\u00ednea de pijamas de dama, y con pijamas y camisetas de ni\u00f1os. Nuestra colecci\u00f3n principal est\u00e1 [&hellip;]<\/p>\n","protected":false},"author":1,"featured_media":0,"parent":0,"menu_order":0,"comment_status":"closed","ping_status":"closed","template":"page-blank-container.php","meta":{"_joinchat":[],"footnotes":""},"class_list":["post-522","page","type-page","status-publish","hentry"],"aioseo_notices":[],"_links":{"self":[{"href":"https:\/\/paytity.com\/2\/wp-json\/wp\/v2\/pages\/522","targetHints":{"allow":["GET"]}}],"collection":[{"href":"https:\/\/paytity.com\/2\/wp-json\/wp\/v2\/pages"}],"about":[{"href":"https:\/\/paytity.com\/2\/wp-json\/wp\/v2\/types\/page"}],"author":[{"embeddable":true,"href":"https:\/\/paytity.com\/2\/wp-json\/wp\/v2\/users\/1"}],"replies":[{"embeddable":true,"href":"https:\/\/paytity.com\/2\/wp-json\/wp\/v2\/comments?post=522"}],"version-history":[{"count":9,"href":"https:\/\/paytity.com\/2\/wp-json\/wp\/v2\/pages\/522\/revisions"}],"predecessor-version":[{"id":3364,"href":"https:\/\/paytity.com\/2\/wp-json\/wp\/v2\/pages\/522\/revisions\/3364"}],"wp:attachment":[{"href":"https:\/\/paytity.com\/2\/wp-json\/wp\/v2\/media?parent=522"}],"curies":[{"name":"wp","href":"https:\/\/api.w.org\/{rel}","templated":true}]}}