{"id":16272,"date":"2021-04-23T11:35:14","date_gmt":"2021-04-23T17:35:14","guid":{"rendered":"http:\/\/paytity.com\/?post_type=product&#038;p=16272"},"modified":"2024-12-19T08:05:06","modified_gmt":"2024-12-19T14:05:06","slug":"art-55","status":"publish","type":"product","link":"https:\/\/paytity.com\/2\/producto\/art-55\/","title":{"rendered":"Pijama Jersey liso manga larga pantal\u00f3n largo puro algod\u00f3n &#8211; Art. 55"},"content":{"rendered":"<p>Pijama Jersey liso manga larga pantal\u00f3n largo puro algod\u00f3n. Talles 46 al 54 y del 56 al 60. Colores surtidos sujetos a disponibilidad de stock. Precio variable seg\u00fan el talle.<\/p>\n","protected":false},"excerpt":{"rendered":"<p>Pijama Jersey liso manga larga pantal\u00f3n largo puro algod\u00f3n. Talles 46 al 54 y del 56 al 60. Colores surtidos sujetos a disponibilidad de stock. Precio variable seg\u00fan el talle.<\/p>\n","protected":false},"featured_media":3910,"template":"","meta":{"_joinchat":[]},"product_cat":[60,43],"product_tag":[],"class_list":{"0":"post-16272","1":"product","2":"type-product","3":"status-publish","4":"has-post-thumbnail","6":"product_cat-pijamas-hombre","7":"product_cat-hombre","9":"first","10":"instock","11":"shipping-taxable","12":"product-type-variable","13":"add-to-wishlist-after_add_to_cart"},"aioseo_notices":[],"_links":{"self":[{"href":"https:\/\/paytity.com\/2\/wp-json\/wp\/v2\/product\/16272","targetHints":{"allow":["GET"]}}],"collection":[{"href":"https:\/\/paytity.com\/2\/wp-json\/wp\/v2\/product"}],"about":[{"href":"https:\/\/paytity.com\/2\/wp-json\/wp\/v2\/types\/product"}],"wp:featuredmedia":[{"embeddable":true,"href":"https:\/\/paytity.com\/2\/wp-json\/wp\/v2\/media\/3910"}],"wp:attachment":[{"href":"https:\/\/paytity.com\/2\/wp-json\/wp\/v2\/media?parent=16272"}],"wp:term":[{"taxonomy":"product_cat","embeddable":true,"href":"https:\/\/paytity.com\/2\/wp-json\/wp\/v2\/product_cat?post=16272"},{"taxonomy":"product_tag","embeddable":true,"href":"https:\/\/paytity.com\/2\/wp-json\/wp\/v2\/product_tag?post=16272"}],"curies":[{"name":"wp","href":"https:\/\/api.w.org\/{rel}","templated":true}]}}