{"id":16286,"date":"2021-04-23T11:54:50","date_gmt":"2021-04-23T17:54:50","guid":{"rendered":"http:\/\/paytity.com\/?post_type=product&#038;p=16286"},"modified":"2024-12-19T07:52:41","modified_gmt":"2024-12-19T13:52:41","slug":"art-188","status":"publish","type":"product","link":"https:\/\/paytity.com\/2\/producto\/art-188\/","title":{"rendered":"Pijama Jersey Casaca rayada Puro Algod\u00f3n Manga corta Pantal\u00f3n largo &#8211; Art. 188"},"content":{"rendered":"<p>Pijama jersey Casaca rayada puro algod\u00f3n Manga corta Pantal\u00f3n largo. Talles 46 al 54 y del 56 al 60. Colores surtidos sujetos a disponibilidad de stock. Precio variable seg\u00fan el talle.<\/p>\n","protected":false},"excerpt":{"rendered":"<p>Pijama jersey Casaca rayada puro algod\u00f3n Manga corta Pantal\u00f3n largo. Talles 46 al 54 y del 56 al 60. Colores surtidos sujetos a disponibilidad de stock. Precio variable seg\u00fan el talle.<\/p>\n","protected":false},"featured_media":16296,"template":"","meta":{"_joinchat":[]},"product_cat":[60,43],"product_tag":[],"class_list":{"0":"post-16286","1":"product","2":"type-product","3":"status-publish","4":"has-post-thumbnail","6":"product_cat-pijamas-hombre","7":"product_cat-hombre","9":"first","10":"instock","11":"featured","12":"shipping-taxable","13":"product-type-variable","14":"add-to-wishlist-after_add_to_cart"},"aioseo_notices":[],"_links":{"self":[{"href":"https:\/\/paytity.com\/2\/wp-json\/wp\/v2\/product\/16286","targetHints":{"allow":["GET"]}}],"collection":[{"href":"https:\/\/paytity.com\/2\/wp-json\/wp\/v2\/product"}],"about":[{"href":"https:\/\/paytity.com\/2\/wp-json\/wp\/v2\/types\/product"}],"wp:featuredmedia":[{"embeddable":true,"href":"https:\/\/paytity.com\/2\/wp-json\/wp\/v2\/media\/16296"}],"wp:attachment":[{"href":"https:\/\/paytity.com\/2\/wp-json\/wp\/v2\/media?parent=16286"}],"wp:term":[{"taxonomy":"product_cat","embeddable":true,"href":"https:\/\/paytity.com\/2\/wp-json\/wp\/v2\/product_cat?post=16286"},{"taxonomy":"product_tag","embeddable":true,"href":"https:\/\/paytity.com\/2\/wp-json\/wp\/v2\/product_tag?post=16286"}],"curies":[{"name":"wp","href":"https:\/\/api.w.org\/{rel}","templated":true}]}}