{"id":16581,"date":"2021-04-24T19:39:52","date_gmt":"2021-04-25T01:39:52","guid":{"rendered":"http:\/\/paytity.com\/?post_type=product&#038;p=16581"},"modified":"2023-11-09T08:25:47","modified_gmt":"2023-11-09T14:25:47","slug":"media-de-vestir-de-hilo-de-algodon-rombo-art-2","status":"publish","type":"product","link":"https:\/\/paytity.com\/2\/producto\/media-de-vestir-de-hilo-de-algodon-rombo-art-2\/","title":{"rendered":"Media de vestir de hilo de algod\u00f3n ROMBO &#8211; Art.2"},"content":{"rendered":"<p>Media de vestir hilo de algod\u00f3n ROMBO, \u00fanico talle<\/p>\n","protected":false},"excerpt":{"rendered":"<p>Media de vestir hilo de algod\u00f3n ROMBO, \u00fanico talle<\/p>\n","protected":false},"featured_media":16586,"template":"","meta":{"_joinchat":[]},"product_cat":[43,41],"product_tag":[],"class_list":{"0":"post-16581","1":"product","2":"type-product","3":"status-publish","4":"has-post-thumbnail","6":"product_cat-hombre","7":"product_cat-accesorios","9":"first","10":"instock","11":"shipping-taxable","12":"product-type-simple","13":"add-to-wishlist-after_add_to_cart"},"aioseo_notices":[],"_links":{"self":[{"href":"https:\/\/paytity.com\/2\/wp-json\/wp\/v2\/product\/16581","targetHints":{"allow":["GET"]}}],"collection":[{"href":"https:\/\/paytity.com\/2\/wp-json\/wp\/v2\/product"}],"about":[{"href":"https:\/\/paytity.com\/2\/wp-json\/wp\/v2\/types\/product"}],"wp:featuredmedia":[{"embeddable":true,"href":"https:\/\/paytity.com\/2\/wp-json\/wp\/v2\/media\/16586"}],"wp:attachment":[{"href":"https:\/\/paytity.com\/2\/wp-json\/wp\/v2\/media?parent=16581"}],"wp:term":[{"taxonomy":"product_cat","embeddable":true,"href":"https:\/\/paytity.com\/2\/wp-json\/wp\/v2\/product_cat?post=16581"},{"taxonomy":"product_tag","embeddable":true,"href":"https:\/\/paytity.com\/2\/wp-json\/wp\/v2\/product_tag?post=16581"}],"curies":[{"name":"wp","href":"https:\/\/api.w.org\/{rel}","templated":true}]}}