{"id":3904,"date":"2019-05-08T12:45:27","date_gmt":"2019-05-08T18:45:27","guid":{"rendered":"http:\/\/paytity.com\/?post_type=product&#038;p=3904"},"modified":"2024-09-17T12:33:36","modified_gmt":"2024-09-17T18:33:36","slug":"art-52","status":"publish","type":"product","link":"https:\/\/paytity.com\/2\/producto\/art-52\/","title":{"rendered":"Pijama Doble Interlock Casaca Rayada Pantal\u00f3n Liso &#8211; Art. 52"},"content":{"rendered":"<p>Pijama doble interlock casaca Rayada pantal\u00f3n liso. Talles 46 al 54 y del 56 al 60. Colores surtidos sujetos a disponibilidad de stock. Precio variable seg\u00fan el talle.<\/p>\n","protected":false},"excerpt":{"rendered":"<p>Pijama doble interlock casaca Rayada pantal\u00f3n liso. Talles 46 al 54 y del 56 al 60. Colores surtidos sujetos a disponibilidad de stock. Precio variable seg\u00fan el talle.<\/p>\n","protected":false},"featured_media":3905,"template":"","meta":{"_joinchat":[]},"product_cat":[60],"product_tag":[],"class_list":{"0":"post-3904","1":"product","2":"type-product","3":"status-publish","4":"has-post-thumbnail","6":"product_cat-pijamas-hombre","8":"first","9":"instock","10":"shipping-taxable","11":"product-type-variable","12":"add-to-wishlist-after_add_to_cart"},"aioseo_notices":[],"_links":{"self":[{"href":"https:\/\/paytity.com\/2\/wp-json\/wp\/v2\/product\/3904","targetHints":{"allow":["GET"]}}],"collection":[{"href":"https:\/\/paytity.com\/2\/wp-json\/wp\/v2\/product"}],"about":[{"href":"https:\/\/paytity.com\/2\/wp-json\/wp\/v2\/types\/product"}],"wp:featuredmedia":[{"embeddable":true,"href":"https:\/\/paytity.com\/2\/wp-json\/wp\/v2\/media\/3905"}],"wp:attachment":[{"href":"https:\/\/paytity.com\/2\/wp-json\/wp\/v2\/media?parent=3904"}],"wp:term":[{"taxonomy":"product_cat","embeddable":true,"href":"https:\/\/paytity.com\/2\/wp-json\/wp\/v2\/product_cat?post=3904"},{"taxonomy":"product_tag","embeddable":true,"href":"https:\/\/paytity.com\/2\/wp-json\/wp\/v2\/product_tag?post=3904"}],"curies":[{"name":"wp","href":"https:\/\/api.w.org\/{rel}","templated":true}]}}