{"id":4033,"date":"2019-05-10T09:07:23","date_gmt":"2019-05-10T15:07:23","guid":{"rendered":"http:\/\/paytity.com\/?post_type=product&#038;p=4033"},"modified":"2024-09-16T11:40:01","modified_gmt":"2024-09-16T17:40:01","slug":"panuelo-blanco-100-algodon-x6-art-136","status":"publish","type":"product","link":"https:\/\/paytity.com\/2\/producto\/panuelo-blanco-100-algodon-x6-art-136\/","title":{"rendered":"Pa\u00f1uelo blanco 100% algod\u00f3n x6 &#8211; Art. 136"},"content":{"rendered":"<p>Pa\u00f1uelo blanco 100% algod\u00f3n x6<\/p>\n","protected":false},"excerpt":{"rendered":"<p>Pa\u00f1uelo blanco 100% algod\u00f3n x6<\/p>\n","protected":false},"featured_media":4034,"template":"","meta":{"_joinchat":[]},"product_cat":[43,41],"product_tag":[],"class_list":{"0":"post-4033","1":"product","2":"type-product","3":"status-publish","4":"has-post-thumbnail","6":"product_cat-hombre","7":"product_cat-accesorios","9":"first","10":"instock","11":"shipping-taxable","12":"product-type-simple","13":"add-to-wishlist-after_add_to_cart"},"aioseo_notices":[],"_links":{"self":[{"href":"https:\/\/paytity.com\/2\/wp-json\/wp\/v2\/product\/4033","targetHints":{"allow":["GET"]}}],"collection":[{"href":"https:\/\/paytity.com\/2\/wp-json\/wp\/v2\/product"}],"about":[{"href":"https:\/\/paytity.com\/2\/wp-json\/wp\/v2\/types\/product"}],"wp:featuredmedia":[{"embeddable":true,"href":"https:\/\/paytity.com\/2\/wp-json\/wp\/v2\/media\/4034"}],"wp:attachment":[{"href":"https:\/\/paytity.com\/2\/wp-json\/wp\/v2\/media?parent=4033"}],"wp:term":[{"taxonomy":"product_cat","embeddable":true,"href":"https:\/\/paytity.com\/2\/wp-json\/wp\/v2\/product_cat?post=4033"},{"taxonomy":"product_tag","embeddable":true,"href":"https:\/\/paytity.com\/2\/wp-json\/wp\/v2\/product_tag?post=4033"}],"curies":[{"name":"wp","href":"https:\/\/api.w.org\/{rel}","templated":true}]}}